{"id":6135,"date":"2023-10-04T12:34:42","date_gmt":"2023-10-04T10:34:42","guid":{"rendered":"http:\/\/s983608708.online.de\/?page_id=6135"},"modified":"2025-10-22T12:06:37","modified_gmt":"2025-10-22T10:06:37","slug":"impressum","status":"publish","type":"page","link":"https:\/\/www.frankfurt-energy.de\/en\/impressum\/","title":{"rendered":"Impressum"},"content":{"rendered":"<div data-elementor-type=\"wp-page\" data-elementor-id=\"6135\" class=\"elementor elementor-6135\">\n\t\t\t\t\t\t\t<div class=\"elementor-element elementor-element-27c22951 e-flex e-con-boxed e-con e-parent\" data-id=\"27c22951\" data-element_type=\"container\" data-settings=\"{&quot;content_width&quot;:&quot;boxed&quot;}\" data-core-v316-plus=\"true\">\n\t\t\t\t\t<div class=\"e-con-inner\">\n\t\t\t\t<div class=\"elementor-element elementor-element-49ab40e elementor-widget elementor-widget-text-editor\" data-id=\"49ab40e\" data-element_type=\"widget\" data-widget_type=\"text-editor.default\">\n\t\t\t\t<div class=\"elementor-widget-container\">\n\t\t\t<style>\/*! elementor - v3.16.0 - 12-09-2023 *\/\n.elementor-widget-text-editor.elementor-drop-cap-view-stacked .elementor-drop-cap{background-color:#69727d;color:#fff}.elementor-widget-text-editor.elementor-drop-cap-view-framed .elementor-drop-cap{color:#69727d;border:3px solid;background-color:transparent}.elementor-widget-text-editor:not(.elementor-drop-cap-view-default) .elementor-drop-cap{margin-top:8px}.elementor-widget-text-editor:not(.elementor-drop-cap-view-default) .elementor-drop-cap-letter{width:1em;height:1em}.elementor-widget-text-editor .elementor-drop-cap{float:left;text-align:center;line-height:1;font-size:50px}.elementor-widget-text-editor .elementor-drop-cap-letter{display:inline-block}<\/style>\t\t\t\t<p><strong>Frankfurt Energy Holding GmbH<\/strong><br \/>Ginnheimer Stra\u00dfe 4<br \/>D-65760 Eschborn<br \/>Phone: +49 (0) 6196 777 35 0<br \/>Fax: +49 (0) 6196 777 35 66<br \/>Mail: info@frankfurt-energy.de<br \/>Web: www.frankfurt-energy.de<\/p>\n<p><span style=\"color: #000000;\">Responsible for content: Mr Dirk G\u00f6hringer<br \/><\/span><span style=\"color: #000000;\">Authorised managing director: Dirk G\u00f6hringer<br \/><\/span><span style=\"color: #000000;\">Commercial register entry: HRB 74256<br \/><\/span><span style=\"color: #000000;\">Gerichtsort: Frankfurt a. M.<br \/><\/span><span style=\"color: #000000;\">Value added tax ID: DE243396698<\/span><\/p>\n<p><strong><span style=\"color: #000000;\">Copyright &amp; Liability<\/span><\/strong><\/p>\n<p><span style=\"color: #000000;\"><!-- \/wp:paragraph --><!-- wp:paragraph --><\/span><\/p>\n<p><span style=\"color: #000000;\"><!-- \/wp:paragraph --><!-- wp:paragraph --><\/span><\/p>\n<p><span style=\"color: #000000;\"><!-- \/wp:paragraph --><!-- wp:paragraph --><\/span><\/p>\n<p><span style=\"color: #000000;\"><!-- \/wp:paragraph --><!-- wp:paragraph --><\/span><\/p>\n<p><span style=\"color: #000000;\"><!-- \/wp:paragraph --><!-- wp:paragraph --><\/span><\/p>\n<p><span style=\"color: #000000;\"><!-- \/wp:paragraph --><!-- wp:paragraph --><\/span><\/p>\n<p><span style=\"color: #000000;\"><!-- \/wp:paragraph --><!-- wp:paragraph --><\/span><\/p>\n<p><span style=\"color: #000000;\"><!-- \/wp:paragraph --><!-- wp:paragraph --><\/span><\/p>\n<p><span style=\"color: #000000;\"><!-- \/wp:paragraph --><!-- wp:paragraph --><\/span><\/p>\n<p><span style=\"color: #000000;\"><!-- \/wp:paragraph --><!-- wp:paragraph --><\/span><\/p>\n<p><span style=\"color: #000000;\"><!-- \/wp:paragraph --><!-- wp:paragraph --><\/span><\/p>\n<p><span style=\"color: #000000;\"><!-- \/wp:paragraph --><!-- wp:paragraph --><\/span><\/p>\n<p><span style=\"color: #000000;\"><!-- \/wp:paragraph --><!-- wp:paragraph --><\/span><\/p>\n<p><span style=\"color: #000000;\">The information\/content offered and presented on these Internet pages may not be saved, copied or passed on in whole or in part without the prior written authorisation of Frankfurt Energy Holding GmbH. The graphics, drawings and photos used on the Internet pages are subject to the copyright of Frankfurt Energy Holding GmbH, the author or the respective picture agency (partly istockphoto.com, shutterstock.com &amp; pixelio.de). Despite all efforts to ensure the consistency, completeness and accuracy of the information presented, Frankfurt Energy Holding GmbH accepts no liability whatsoever for the content of these Internet pages.<\/span><\/p>\n<p><span style=\"color: #000000;\"><!-- \/wp:paragraph --><!-- wp:paragraph --><\/span><\/p>\n<p><span style=\"color: #000000;\">These Internet pages contain so-called hyperlinks (references) to other Internet pages and services that are not operated by Frankfurt Energy Holding GmbH. Frankfurt Energy Holding GmbH is in no way responsible or liable for the content of these linked pages.<\/span><\/p>\n<p><strong>Technical realisation<\/strong><br \/><a href=\"https:\/\/www.laf.li\" target=\"_blank\" rel=\"noopener\">laf.li digital GmbH<\/a> - the specialists for web development in Berlin<\/p>\n<p><span style=\"color: #000000;\"><!-- \/wp:paragraph --><\/span><\/p>\t\t\t\t\t\t<\/div>\n\t\t\t\t<\/div>\n\t\t\t\t\t<\/div>\n\t\t\t\t<\/div>\n\t\t\t\t\t\t\t<\/div>","protected":false},"excerpt":{"rendered":"<p>Frankfurt Energy Holding GmbHGinnheimer Stra\u00dfe 4D-65760 EschbornFon: +49 (0) 6196 777 35 0Fax: +49 (0) 6196 777 35 66eMail: info@frankfurt-energy.deWeb: www.frankfurt-energy.de V.i.S.d.P.: Herr Dirk G\u00f6hringerVertretungsberechtigter Gesch\u00e4ftsf\u00fchrer: Dirk G\u00f6hringerHandelsregistereintrag: HRB 74256Gerichtsort: Frankfurt a. M.Umsatzsteuer ID: DE243396698 Copyright &amp; Haftung Die auf diesen Internetseiten angebotenen und dargestellten Informationen\/Inhalte d\u00fcrfen ohne vorherige schriftliche Genehmigung der Frankfurt Energy Holding&#8230;<\/p>","protected":false},"author":1,"featured_media":0,"parent":0,"menu_order":0,"comment_status":"closed","ping_status":"closed","template":"","meta":{"_acf_changed":false,"footnotes":""},"acf":[],"_links":{"self":[{"href":"https:\/\/www.frankfurt-energy.de\/en\/wp-json\/wp\/v2\/pages\/6135"}],"collection":[{"href":"https:\/\/www.frankfurt-energy.de\/en\/wp-json\/wp\/v2\/pages"}],"about":[{"href":"https:\/\/www.frankfurt-energy.de\/en\/wp-json\/wp\/v2\/types\/page"}],"author":[{"embeddable":true,"href":"https:\/\/www.frankfurt-energy.de\/en\/wp-json\/wp\/v2\/users\/1"}],"replies":[{"embeddable":true,"href":"https:\/\/www.frankfurt-energy.de\/en\/wp-json\/wp\/v2\/comments?post=6135"}],"version-history":[{"count":34,"href":"https:\/\/www.frankfurt-energy.de\/en\/wp-json\/wp\/v2\/pages\/6135\/revisions"}],"predecessor-version":[{"id":10650,"href":"https:\/\/www.frankfurt-energy.de\/en\/wp-json\/wp\/v2\/pages\/6135\/revisions\/10650"}],"wp:attachment":[{"href":"https:\/\/www.frankfurt-energy.de\/en\/wp-json\/wp\/v2\/media?parent=6135"}],"curies":[{"name":"wp","href":"https:\/\/api.w.org\/{rel}","templated":true}]}}