{"id":6861,"date":"2023-10-25T12:50:39","date_gmt":"2023-10-25T10:50:39","guid":{"rendered":"http:\/\/s983608708.online.de\/?page_id=6861"},"modified":"2024-04-18T10:52:26","modified_gmt":"2024-04-18T08:52:26","slug":"dachflaechen","status":"publish","type":"page","link":"https:\/\/www.frankfurt-energy.de\/en\/projekte\/dachflaechen\/","title":{"rendered":"Roof surfaces"},"content":{"rendered":"\t\t<div data-elementor-type=\"wp-page\" data-elementor-id=\"6861\" class=\"elementor elementor-6861\">\n\t\t\t\t\t\t\t<div class=\"elementor-element elementor-element-c914804 e-con-full e-flex e-con e-parent\" data-id=\"c914804\" data-element_type=\"container\" data-settings=\"{&quot;content_width&quot;:&quot;full&quot;}\" data-core-v316-plus=\"true\">\n\t\t\t\t<div class=\"elementor-element elementor-element-fec3f6b elementor-widget elementor-widget-r-energy-page-hero-section\" data-id=\"fec3f6b\" data-element_type=\"widget\" data-widget_type=\"r-energy-page-hero-section.default\">\n\t\t\t\t<div class=\"elementor-widget-container\">\n\t\t\t<div class=\"promo-primary\"><div class=\"overlay\"><\/div><picture><source srcset=\"https:\/\/www.frankfurt-energy.de\/wp-content\/uploads\/2024\/04\/Foto-Projekte-Dachflaeche-1399095266-2560x1024.jpg\" media=\"(min-width: 992px)\"\/><img decoding=\"async\" class=\"img-bg\" src=\"https:\/\/www.frankfurt-energy.de\/wp-content\/uploads\/2024\/04\/Foto-Projekte-Dachflaeche-1399095266-2560x1024.jpg\" alt=\"PVA\"\/><\/picture><div class=\"container\"><div class=\"row\"><div class=\"col-12\"><div class=\"align-container\"><div class=\"align-item\"><h1 class=\"title\">Photovoltaik \u2013 <br> die nachhaltige Energiequelle!<\/h1><\/div><\/div><\/div><\/div><\/div><\/div>\t\t<\/div>\n\t\t\t\t<\/div>\n\t\t\t\t<\/div>\n\t\t<div class=\"elementor-element elementor-element-98b9f84 e-flex e-con-boxed e-con e-parent\" data-id=\"98b9f84\" data-element_type=\"container\" data-settings=\"{&quot;content_width&quot;:&quot;boxed&quot;}\" data-core-v316-plus=\"true\">\n\t\t\t\t\t<div class=\"e-con-inner\">\n\t\t\t\t<div class=\"elementor-element elementor-element-a0b4b5b elementor-widget elementor-widget-r-energy-about-us-two-section\" data-id=\"a0b4b5b\" data-element_type=\"widget\" data-widget_type=\"r-energy-about-us-two-section.default\">\n\t\t\t\t<div class=\"elementor-widget-container\">\n\t\t\t<div class=\"about-welcome about-welcome--style-2\"><div class=\"container\"><div class=\"row align-items-center\"><div class=\"col-xl-4 col-lg-5\"><div class=\"title-block\"><h2 class=\"title\">Dachfl\u00e4chen<\/h2><\/div><\/div><div class=\"col-xl-7 offset-xl-1 col-lg-6 offset-lg-1\"><div class=\"description\"><p><span style=\"color: #3b3838;\">Zum Ausbau der erneuerbaren Energien und zur Erh\u00f6hung der Energieeffizienz werden immer mehr Photovoltaikanlagen auf den Dachfl\u00e4chen von Industrie- oder Gewerbe-Geb\u00e4uden errichtet. Neben der gewinnbringenden Verpachtung k\u00f6nnen Sie als Geb\u00e4udeeigent\u00fcmer durch Direktlieferung des erzeugten Stroms auch von geringeren Stromkosten profitieren.<\/span><\/p><\/div><\/div><\/div><\/div><\/div>\t\t<\/div>\n\t\t\t\t<\/div>\n\t\t\t\t\t<\/div>\n\t\t\t\t<\/div>\n\t\t<div class=\"elementor-element elementor-element-243aa0c e-flex e-con-boxed e-con e-parent\" data-id=\"243aa0c\" data-element_type=\"container\" data-settings=\"{&quot;content_width&quot;:&quot;boxed&quot;}\" data-core-v316-plus=\"true\">\n\t\t\t\t\t<div class=\"e-con-inner\">\n\t\t\t\t<div class=\"elementor-element elementor-element-57139e5 elementor-widget elementor-widget-heading\" data-id=\"57139e5\" data-element_type=\"widget\" data-widget_type=\"heading.default\">\n\t\t\t\t<div class=\"elementor-widget-container\">\n\t\t\t<style>\/*! elementor - v3.16.0 - 12-09-2023 *\/\n.elementor-heading-title{padding:0;margin:0;line-height:1}.elementor-widget-heading .elementor-heading-title[class*=elementor-size-]>a{color:inherit;font-size:inherit;line-height:inherit}.elementor-widget-heading .elementor-heading-title.elementor-size-small{font-size:15px}.elementor-widget-heading .elementor-heading-title.elementor-size-medium{font-size:19px}.elementor-widget-heading .elementor-heading-title.elementor-size-large{font-size:29px}.elementor-widget-heading .elementor-heading-title.elementor-size-xl{font-size:39px}.elementor-widget-heading .elementor-heading-title.elementor-size-xxl{font-size:59px}<\/style><h3 class=\"elementor-heading-title elementor-size-default\">Warum Photovoltaik auf Dachfl\u00e4chen?<\/h3>\t\t<\/div>\n\t\t\t\t<\/div>\n\t\t\t\t<div class=\"elementor-element elementor-element-64a48e9 elementor-widget elementor-widget-text-editor\" data-id=\"64a48e9\" data-element_type=\"widget\" data-widget_type=\"text-editor.default\">\n\t\t\t\t<div class=\"elementor-widget-container\">\n\t\t\t<style>\/*! elementor - v3.16.0 - 12-09-2023 *\/\n.elementor-widget-text-editor.elementor-drop-cap-view-stacked .elementor-drop-cap{background-color:#69727d;color:#fff}.elementor-widget-text-editor.elementor-drop-cap-view-framed .elementor-drop-cap{color:#69727d;border:3px solid;background-color:transparent}.elementor-widget-text-editor:not(.elementor-drop-cap-view-default) .elementor-drop-cap{margin-top:8px}.elementor-widget-text-editor:not(.elementor-drop-cap-view-default) .elementor-drop-cap-letter{width:1em;height:1em}.elementor-widget-text-editor .elementor-drop-cap{float:left;text-align:center;line-height:1;font-size:50px}.elementor-widget-text-editor .elementor-drop-cap-letter{display:inline-block}<\/style>\t\t\t\t<p><span style=\"color: #3b3838;\">Dachfl\u00e4chen bieten eine effiziente M\u00f6glichkeit, die Kraft der Sonne direkt am Ort des Energiebedarfs zu nutzen. Ob Gewerbebetriebe oder Industrieanlagen, Photovoltaikanlagen auf D\u00e4chern erm\u00f6glichen eine dezentrale und saubere Stromerzeugung. Da kein zus\u00e4tzlicher Raum in Anspruch genommen wird, k\u00f6nnen Umweltauswirkungen minimiert werden.<\/span><\/p>\t\t\t\t\t\t<\/div>\n\t\t\t\t<\/div>\n\t\t\t\t<div class=\"elementor-element elementor-element-246a962 elementor-widget elementor-widget-heading\" data-id=\"246a962\" data-element_type=\"widget\" data-widget_type=\"heading.default\">\n\t\t\t\t<div class=\"elementor-widget-container\">\n\t\t\t<h3 class=\"elementor-heading-title elementor-size-default\">Effizienz in jeder Hinsicht<\/h3>\t\t<\/div>\n\t\t\t\t<\/div>\n\t\t\t\t<div class=\"elementor-element elementor-element-e378274 elementor-widget elementor-widget-text-editor\" data-id=\"e378274\" data-element_type=\"widget\" data-widget_type=\"text-editor.default\">\n\t\t\t\t<div class=\"elementor-widget-container\">\n\t\t\t\t\t\t\t<p>Unsere ma\u00dfgeschneiderten Photovoltaik-L\u00f6sungen f\u00fcr Dachfl\u00e4chen sind nicht nur umweltfreundlich, sondern auch \u00e4u\u00dferst effizient. Modernste Solartechnologien sorgen daf\u00fcr, dass Sie Ihren eigenen Strom erzeugen k\u00f6nnen. Dies reduziert nicht nur Ihre Energiekosten, sondern tr\u00e4gt auch zur Entlastung des \u00f6ffentlichen Stromnetzes bei.<\/p>\t\t\t\t\t\t<\/div>\n\t\t\t\t<\/div>\n\t\t\t\t\t<\/div>\n\t\t\t\t<\/div>\n\t\t<div class=\"elementor-element elementor-element-928fc75 e-con-full e-flex e-con e-parent\" data-id=\"928fc75\" data-element_type=\"container\" data-settings=\"{&quot;content_width&quot;:&quot;full&quot;}\" data-core-v316-plus=\"true\">\n\t\t\t\t<div class=\"elementor-element elementor-element-2589c0d elementor-widget elementor-widget-r-energy-project-gallery-slider-section\" data-id=\"2589c0d\" data-element_type=\"widget\" data-widget_type=\"r-energy-project-gallery-slider-section.default\">\n\t\t\t\t<div class=\"elementor-widget-container\">\n\t\t\t<div class=\"project-gallery-section\"><div class=\"row no-gutters\"><div class=\"col-12\"><div class=\"project-gallery-holder\"><div class=\"project-gallery\" data-slider-settings='{\"autoplay\":false,\"adaptiveHeight\":true,\"infinite\":false,\"dots\":true,\"speed\":300,\"slidesToShow\":6,\"slidesToScroll\":2,\"slidesToShow1600\":5,\"slidesToScroll1600\":2,\"slidesToShow1366\":4,\"slidesToScroll1366\":2,\"slidesToShow992\":3,\"slidesToScroll992\":2,\"slidesToShow768\":2,\"slidesToScroll768\":2}'><a class=\"gallery-item\" href=\"https:\/\/www.frankfurt-energy.de\/wp-content\/uploads\/2023\/11\/Muencheberg-Dachanalge_1-scaled.jpg\" data-fancybox=\"project-gallery\"><div class=\"overlay\"><\/div><img decoding=\"async\" class=\"img-bg\" src=\"https:\/\/www.frankfurt-energy.de\/wp-content\/uploads\/2023\/11\/Muencheberg-Dachanalge_1-scaled.jpg\" alt=\"M\u00fcncheberg\"\/><\/a><a class=\"gallery-item\" href=\"https:\/\/www.frankfurt-energy.de\/wp-content\/uploads\/2024\/02\/Luebben-Dachanlage_3-scaled.jpg\" data-fancybox=\"project-gallery\"><div class=\"overlay\"><\/div><img decoding=\"async\" class=\"img-bg\" src=\"https:\/\/www.frankfurt-energy.de\/wp-content\/uploads\/2024\/02\/Luebben-Dachanlage_3-scaled.jpg\" alt=\"L\u00fcbben\"\/><\/a><a class=\"gallery-item\" href=\"https:\/\/www.frankfurt-energy.de\/wp-content\/uploads\/2023\/10\/record.jpg\" data-fancybox=\"project-gallery\"><div class=\"overlay\"><\/div><img decoding=\"async\" class=\"img-bg\" src=\"https:\/\/www.frankfurt-energy.de\/wp-content\/uploads\/2023\/10\/record.jpg\" alt=\"Hermsdorf\"\/><\/a><a class=\"gallery-item\" href=\"https:\/\/www.frankfurt-energy.de\/wp-content\/uploads\/2019\/12\/man-3752512_1280-1.jpg\" data-fancybox=\"project-gallery\"><div class=\"overlay\"><\/div><img decoding=\"async\" class=\"img-bg\" src=\"https:\/\/www.frankfurt-energy.de\/wp-content\/uploads\/2019\/12\/man-3752512_1280-1.jpg\" alt=\"man-3752512_1280-1.jpg\"\/><\/a><a class=\"gallery-item\" href=\"https:\/\/www.frankfurt-energy.de\/wp-content\/uploads\/2024\/01\/PVA_Luebben_06-Stoerer-Dachflaeche.jpg\" data-fancybox=\"project-gallery\"><div class=\"overlay\"><\/div><img decoding=\"async\" class=\"img-bg\" src=\"https:\/\/www.frankfurt-energy.de\/wp-content\/uploads\/2024\/01\/PVA_Luebben_06-Stoerer-Dachflaeche.jpg\" alt=\"L\u00fcbben\"\/><\/a><a class=\"gallery-item\" href=\"https:\/\/www.frankfurt-energy.de\/wp-content\/uploads\/2023\/09\/feh-platziert-16mioE-1.jpg\" data-fancybox=\"project-gallery\"><div class=\"overlay\"><\/div><img decoding=\"async\" class=\"img-bg\" src=\"https:\/\/www.frankfurt-energy.de\/wp-content\/uploads\/2023\/09\/feh-platziert-16mioE-1.jpg\" alt=\"feh-platziert-16mioE-1.jpg\"\/><\/a><\/div><div class=\"project-gallery-dots\"><\/div><\/div><\/div><\/div>\t\t<\/div>\n\t\t\t\t<\/div>\n\t\t\t\t<\/div>\n\t\t<div class=\"elementor-element elementor-element-eb0a443 e-flex e-con-boxed e-con e-parent\" data-id=\"eb0a443\" data-element_type=\"container\" data-settings=\"{&quot;content_width&quot;:&quot;boxed&quot;}\" data-core-v316-plus=\"true\">\n\t\t\t\t\t<div class=\"e-con-inner\">\n\t\t\t\t<div class=\"elementor-element elementor-element-dccbea2 elementor-widget elementor-widget-heading\" data-id=\"dccbea2\" data-element_type=\"widget\" data-widget_type=\"heading.default\">\n\t\t\t\t<div class=\"elementor-widget-container\">\n\t\t\t<h3 class=\"elementor-heading-title elementor-size-default\">Nachhaltige Eigenversorgung<\/h3>\t\t<\/div>\n\t\t\t\t<\/div>\n\t\t\t\t<div class=\"elementor-element elementor-element-3eb9fc9 elementor-widget elementor-widget-text-editor\" data-id=\"3eb9fc9\" data-element_type=\"widget\" data-widget_type=\"text-editor.default\">\n\t\t\t\t<div class=\"elementor-widget-container\">\n\t\t\t\t\t\t\t<p><span style=\"color: #3b3838;\">Mit einer Photovoltaikanlage auf Ihrem Dach werden Sie zum Energieproduzenten. Der \u00fcbersch\u00fcssige Strom kann ins Netz eingespeist werden, und Sie profitieren von attraktiven Einspeiseverg\u00fctungen oder Pachtzahlungen. Damit gestalten Sie nicht nur Ihre eigene Energiezukunft, sondern leisten auch einen Beitrag zur Energiewende.<\/span><\/p>\t\t\t\t\t\t<\/div>\n\t\t\t\t<\/div>\n\t\t\t\t<div class=\"elementor-element elementor-element-e571760 elementor-widget elementor-widget-heading\" data-id=\"e571760\" data-element_type=\"widget\" data-widget_type=\"heading.default\">\n\t\t\t\t<div class=\"elementor-widget-container\">\n\t\t\t<h3 class=\"elementor-heading-title elementor-size-default\">Vorteile unserer Photovoltaik-Anlagen<\/h3>\t\t<\/div>\n\t\t\t\t<\/div>\n\t\t\t\t<div class=\"elementor-element elementor-element-881480a elementor-widget elementor-widget-text-editor\" data-id=\"881480a\" data-element_type=\"widget\" data-widget_type=\"text-editor.default\">\n\t\t\t\t<div class=\"elementor-widget-container\">\n\t\t\t\t\t\t\t<p><span style=\"color: #3b3838;\"><strong>Umweltfreundlich:<\/strong> Die Sonne ist eine unersch\u00f6pfliche und umweltfreundliche Energiequelle. Durch die Umwandlung von Sonnenlicht in Strom reduzieren wir den CO<sub>2<\/sub>-Aussto\u00df und tragen aktiv zum Umweltschutz bei.<\/span><\/p><p><span style=\"color: #3b3838;\"><strong>Kosteneffizient:<\/strong> Photovoltaikanlagen amortisieren sich \u00fcber die Zeit und bieten langfristige Kostenvorteile. Die Einsparungen bei den Energiekosten machen den Ausbau zu einer nachhaltigen Investition.<\/span><\/p><p><span style=\"color: #3b3838;\"><strong>Unabh\u00e4ngigkeit:<\/strong> Durch die Verpachtung Ihrer Dachfl\u00e4che garantieren wir Ihnen langfristige Pachterl\u00f6se \u00fcber mindesten 25 Jahre. Die Nutzung oder Einspeisung des erzeugten Stroms garantiert Ihre Energieautarkie.<\/span><\/p>\t\t\t\t\t\t<\/div>\n\t\t\t\t<\/div>\n\t\t\t\t\t<\/div>\n\t\t\t\t<\/div>\n\t\t<div class=\"elementor-element elementor-element-3845c5e feh-banner e-flex e-con-boxed e-con e-parent\" data-id=\"3845c5e\" data-element_type=\"container\" data-settings=\"{&quot;background_background&quot;:&quot;classic&quot;,&quot;content_width&quot;:&quot;boxed&quot;}\" data-core-v316-plus=\"true\">\n\t\t\t\t\t<div class=\"e-con-inner\">\n\t\t<div class=\"elementor-element elementor-element-a15835e e-con-full e-flex e-con e-child\" data-id=\"a15835e\" data-element_type=\"container\" data-settings=\"{&quot;content_width&quot;:&quot;full&quot;}\">\n\t\t\t\t<div class=\"elementor-element elementor-element-1b35b70 elementor-widget__width-initial elementor-widget-mobile__width-inherit elementor-widget elementor-widget-heading\" data-id=\"1b35b70\" data-element_type=\"widget\" data-widget_type=\"heading.default\">\n\t\t\t\t<div class=\"elementor-widget-container\">\n\t\t\t<h2 class=\"elementor-heading-title elementor-size-default\">Sie besitzen eine Dachfl\u00e4che mit einer Gr\u00f6\u00dfe von mehr als 5.000 m<sup>2<\/sup>?<\/h2>\t\t<\/div>\n\t\t\t\t<\/div>\n\t\t\t\t<div class=\"elementor-element elementor-element-45a76bf elementor-widget elementor-widget-text-editor\" data-id=\"45a76bf\" data-element_type=\"widget\" data-widget_type=\"text-editor.default\">\n\t\t\t\t<div class=\"elementor-widget-container\">\n\t\t\t\t\t\t\t<p>Warum verpachten Sie diese nicht f\u00fcr den Bau von Solaranlagen?<\/p>\t\t\t\t\t\t<\/div>\n\t\t\t\t<\/div>\n\t\t\t\t<div class=\"elementor-element elementor-element-8b2fc9a btn-yellow elementor-align-center elementor-widget elementor-widget-button\" data-id=\"8b2fc9a\" data-element_type=\"widget\" data-widget_type=\"button.default\">\n\t\t\t\t<div class=\"elementor-widget-container\">\n\t\t\t\t\t<div class=\"elementor-button-wrapper\">\n\t\t\t<a class=\"elementor-button elementor-button-link elementor-size-sm\" href=\"\/kontakt\/\" target=\"_blank\">\n\t\t\t\t\t\t<span class=\"elementor-button-content-wrapper\">\n\t\t\t\t\t\t<span class=\"elementor-button-text\">Mehr Informationen<\/span>\n\t\t<\/span>\n\t\t\t\t\t<\/a>\n\t\t<\/div>\n\t\t\t\t<\/div>\n\t\t\t\t<\/div>\n\t\t\t\t<\/div>\n\t\t\t\t\t<\/div>\n\t\t\t\t<\/div>\n\t\t<div class=\"elementor-element elementor-element-7344ca3 e-flex e-con-boxed e-con e-parent\" data-id=\"7344ca3\" data-element_type=\"container\" data-settings=\"{&quot;content_width&quot;:&quot;boxed&quot;}\" data-core-v316-plus=\"true\">\n\t\t\t\t\t<div class=\"e-con-inner\">\n\t\t\t\t<div class=\"elementor-element elementor-element-1f0e934 elementor-widget elementor-widget-heading\" data-id=\"1f0e934\" data-element_type=\"widget\" data-widget_type=\"heading.default\">\n\t\t\t\t<div class=\"elementor-widget-container\">\n\t\t\t<h3 class=\"elementor-heading-title elementor-size-default\">Unsere Expertise, Ihr Vorteil!<\/h3>\t\t<\/div>\n\t\t\t\t<\/div>\n\t\t\t\t<div class=\"elementor-element elementor-element-3a75107 elementor-widget elementor-widget-text-editor\" data-id=\"3a75107\" data-element_type=\"widget\" data-widget_type=\"text-editor.default\">\n\t\t\t\t<div class=\"elementor-widget-container\">\n\t\t\t\t\t\t\t<p><span style=\"color: #3b3838;\">Vertrauen Sie auf unsere langj\u00e4hrige Erfahrung und Expertise im Bereich der solaren Energiegewinnung. Wir planen und realisieren Photovoltaik-Projekte f\u00fcr Dachfl\u00e4chen mit h\u00f6chster Pr\u00e4zision und Effizienz. Unser Ziel ist es, Ihnen eine ma\u00dfgeschneiderte L\u00f6sung zu bieten, die Ihren individuellen Anforderungen gerecht wird.<\/span><\/p><h4><span style=\"color: #3b3838;\"><strong>Unsere Leistungen:<\/strong><\/span><\/h4><p><span style=\"color: #3b3838;\"><strong>Beratung:<\/strong> Wir bieten umfassende Beratungsdienstleistungen, um die optimale L\u00f6sung f\u00fcr Ihre Bed\u00fcrfnisse zu finden. Von der Analyse der Dachfl\u00e4che bis zur Planung der Anlage unterst\u00fctzen wir Sie bei jedem Schritt.<\/span><\/p><p><span style=\"color: #3b3838;\"><strong>Installation:<\/strong> Unser erfahrenes Team \u00fcbernimmt die fachgerechte Installation der Photovoltaikanlage. Qualit\u00e4t und Effizienz stehen dabei im Mittelpunkt unserer Arbeit.<\/span><\/p><p><span style=\"color: #3b3838;\"><strong>Wartung und Service:<\/strong> Damit Ihre Anlage stets optimal funktioniert, bieten wir regelm\u00e4\u00dfige Wartungs- und Servicedienstleistungen an. So k\u00f6nnen Sie die maximale Lebensdauer und Leistung Ihrer Photovoltaikanlage sicherstellen.<\/span><\/p>\t\t\t\t\t\t<\/div>\n\t\t\t\t<\/div>\n\t\t\t\t<div class=\"elementor-element elementor-element-54090ee elementor-widget elementor-widget-heading\" data-id=\"54090ee\" data-element_type=\"widget\" data-widget_type=\"heading.default\">\n\t\t\t\t<div class=\"elementor-widget-container\">\n\t\t\t<h3 class=\"elementor-heading-title elementor-size-default\">Gemeinsam in eine sonnige Zukunft<\/h3>\t\t<\/div>\n\t\t\t\t<\/div>\n\t\t\t\t<div class=\"elementor-element elementor-element-dbae516 elementor-widget elementor-widget-text-editor\" data-id=\"dbae516\" data-element_type=\"widget\" data-widget_type=\"text-editor.default\">\n\t\t\t\t<div class=\"elementor-widget-container\">\n\t\t\t\t\t\t\t<p><span style=\"color: #3b3838;\">Mit unserem Engagement f\u00fcr erneuerbare Energien m\u00f6chten wir einen Beitrag zu einer nachhaltigen Zukunft leisten. Kontaktieren Sie uns, um mehr \u00fcber unsere Dienstleistungen und den Ausbau von Photovoltaik auf Dachfl\u00e4chen zu erfahren. Gemeinsam gestalten wir eine gr\u00fcnere Welt!<\/span><\/p>\t\t\t\t\t\t<\/div>\n\t\t\t\t<\/div>\n\t\t\t\t<div class=\"elementor-element elementor-element-77b7037 elementor-widget elementor-widget-button\" data-id=\"77b7037\" data-element_type=\"widget\" data-widget_type=\"button.default\">\n\t\t\t\t<div class=\"elementor-widget-container\">\n\t\t\t\t\t<div class=\"elementor-button-wrapper\">\n\t\t\t<a class=\"elementor-button elementor-button-link elementor-size-sm\" href=\"\/kontakt\" id=\"portfolio-contact-button\">\n\t\t\t\t\t\t<span class=\"elementor-button-content-wrapper\">\n\t\t\t\t\t\t<span class=\"elementor-button-text\">Nehmen Sie jetzt Kontakt auf<\/span>\n\t\t<\/span>\n\t\t\t\t\t<\/a>\n\t\t<\/div>\n\t\t\t\t<\/div>\n\t\t\t\t<\/div>\n\t\t\t\t\t<\/div>\n\t\t\t\t<\/div>\n\t\t\t\t\t\t\t<\/div>\n\t\t","protected":false},"excerpt":{"rendered":"<p>Photovoltaik \u2013 die nachhaltige Energiequelle! Dachfl\u00e4chen Zum Ausbau der erneuerbaren Energien und zur Erh\u00f6hung der Energieeffizienz werden immer mehr Photovoltaikanlagen auf den Dachfl\u00e4chen von Industrie- oder Gewerbe-Geb\u00e4uden errichtet. Neben der gewinnbringenden Verpachtung k\u00f6nnen Sie als Geb\u00e4udeeigent\u00fcmer durch Direktlieferung des erzeugten Stroms auch von geringeren Stromkosten profitieren. Warum Photovoltaik auf Dachfl\u00e4chen? Dachfl\u00e4chen bieten eine effiziente M\u00f6glichkeit,&#8230;<\/p>","protected":false},"author":1,"featured_media":0,"parent":5499,"menu_order":0,"comment_status":"closed","ping_status":"closed","template":"r-energy-elementor-page.php","meta":{"_acf_changed":false,"footnotes":""},"acf":[],"_links":{"self":[{"href":"https:\/\/www.frankfurt-energy.de\/en\/wp-json\/wp\/v2\/pages\/6861"}],"collection":[{"href":"https:\/\/www.frankfurt-energy.de\/en\/wp-json\/wp\/v2\/pages"}],"about":[{"href":"https:\/\/www.frankfurt-energy.de\/en\/wp-json\/wp\/v2\/types\/page"}],"author":[{"embeddable":true,"href":"https:\/\/www.frankfurt-energy.de\/en\/wp-json\/wp\/v2\/users\/1"}],"replies":[{"embeddable":true,"href":"https:\/\/www.frankfurt-energy.de\/en\/wp-json\/wp\/v2\/comments?post=6861"}],"version-history":[{"count":232,"href":"https:\/\/www.frankfurt-energy.de\/en\/wp-json\/wp\/v2\/pages\/6861\/revisions"}],"predecessor-version":[{"id":10150,"href":"https:\/\/www.frankfurt-energy.de\/en\/wp-json\/wp\/v2\/pages\/6861\/revisions\/10150"}],"up":[{"embeddable":true,"href":"https:\/\/www.frankfurt-energy.de\/en\/wp-json\/wp\/v2\/pages\/5499"}],"wp:attachment":[{"href":"https:\/\/www.frankfurt-energy.de\/en\/wp-json\/wp\/v2\/media?parent=6861"}],"curies":[{"name":"wp","href":"https:\/\/api.w.org\/{rel}","templated":true}]}}