{"id":6879,"date":"2023-10-25T13:25:41","date_gmt":"2023-10-25T11:25:41","guid":{"rendered":"http:\/\/s983608708.online.de\/?page_id=6879"},"modified":"2024-04-15T11:24:42","modified_gmt":"2024-04-15T09:24:42","slug":"speicher","status":"publish","type":"page","link":"https:\/\/www.frankfurt-energy.de\/en\/projekte\/speicher\/","title":{"rendered":"BESS"},"content":{"rendered":"\t\t<div data-elementor-type=\"wp-page\" data-elementor-id=\"6879\" class=\"elementor elementor-6879\">\n\t\t\t\t\t\t\t<div class=\"elementor-element elementor-element-d1afe25 e-con-full e-flex e-con e-parent\" data-id=\"d1afe25\" data-element_type=\"container\" data-settings=\"{&quot;content_width&quot;:&quot;full&quot;}\" data-core-v316-plus=\"true\">\n\t\t\t\t<div class=\"elementor-element elementor-element-c56ba0e elementor-widget elementor-widget-r-energy-page-hero-section\" data-id=\"c56ba0e\" data-element_type=\"widget\" data-widget_type=\"r-energy-page-hero-section.default\">\n\t\t\t\t<div class=\"elementor-widget-container\">\n\t\t\t<div class=\"promo-primary\"><div class=\"overlay\"><\/div><picture><source srcset=\"https:\/\/www.frankfurt-energy.de\/wp-content\/uploads\/2023\/11\/IMG_20180418_112259-2560x1024.jpg\" media=\"(min-width: 992px)\"\/><img decoding=\"async\" class=\"img-bg\" src=\"https:\/\/www.frankfurt-energy.de\/wp-content\/uploads\/2023\/11\/IMG_20180418_112259-2560x1024.jpg\" alt=\"Gro\u00dfenhain\"\/><\/picture><div class=\"container\"><div class=\"row\"><div class=\"col-12\"><div class=\"align-container\"><div class=\"align-item\"><h1 class=\"title\">Speicher:<br>Der n\u00e4chste Schritt<\/h1><\/div><\/div><\/div><\/div><\/div><\/div>\t\t<\/div>\n\t\t\t\t<\/div>\n\t\t\t\t<\/div>\n\t\t<div class=\"elementor-element elementor-element-d97ef58 e-flex e-con-boxed e-con e-parent\" data-id=\"d97ef58\" data-element_type=\"container\" data-settings=\"{&quot;content_width&quot;:&quot;boxed&quot;}\" data-core-v316-plus=\"true\">\n\t\t\t\t\t<div class=\"e-con-inner\">\n\t\t\t\t<div class=\"elementor-element elementor-element-827ddcd elementor-widget elementor-widget-r-energy-about-us-two-section\" data-id=\"827ddcd\" data-element_type=\"widget\" data-widget_type=\"r-energy-about-us-two-section.default\">\n\t\t\t\t<div class=\"elementor-widget-container\">\n\t\t\t<div class=\"about-welcome about-welcome--style-2\"><div class=\"container\"><div class=\"row align-items-center\"><div class=\"col-xl-4 col-lg-5\"><div class=\"title-block\"><h2 class=\"title\">Speicher<\/h2><\/div><\/div><div class=\"col-xl-7 offset-xl-1 col-lg-6 offset-lg-1\"><div class=\"description\"><p><span style=\"color: #3b3838;\">Wir entwickeln, bauen und betreiben eigenst\u00e4ndige Batteriespeicher sowie Hybride Energiesysteme, die Batteriespeicher mit unseren Solaranlagen verkn\u00fcpfen. Sie speichern den \u00fcbersch\u00fcssigen Solarstrom, den die Anlagen w\u00e4hrend sonnenreicher Stunden erzeugen. Genutzt wird dieser Strom, wenn die Sonne eine Pause macht. Das bedeutet Unabh\u00e4ngigkeit von konventionellen Energiequellen und eine nachhaltige Energieversorgung rund um die Uhr.<\/span><\/p><\/div><\/div><\/div><\/div><\/div>\t\t<\/div>\n\t\t\t\t<\/div>\n\t\t\t\t\t<\/div>\n\t\t\t\t<\/div>\n\t\t<div class=\"elementor-element elementor-element-2381fcf e-flex e-con-boxed e-con e-parent\" data-id=\"2381fcf\" data-element_type=\"container\" data-settings=\"{&quot;content_width&quot;:&quot;boxed&quot;}\" data-core-v316-plus=\"true\">\n\t\t\t\t\t<div class=\"e-con-inner\">\n\t\t\t\t<div class=\"elementor-element elementor-element-55231a5 elementor-widget elementor-widget-heading\" data-id=\"55231a5\" data-element_type=\"widget\" data-widget_type=\"heading.default\">\n\t\t\t\t<div class=\"elementor-widget-container\">\n\t\t\t<style>\/*! elementor - v3.16.0 - 12-09-2023 *\/\n.elementor-heading-title{padding:0;margin:0;line-height:1}.elementor-widget-heading .elementor-heading-title[class*=elementor-size-]>a{color:inherit;font-size:inherit;line-height:inherit}.elementor-widget-heading .elementor-heading-title.elementor-size-small{font-size:15px}.elementor-widget-heading .elementor-heading-title.elementor-size-medium{font-size:19px}.elementor-widget-heading .elementor-heading-title.elementor-size-large{font-size:29px}.elementor-widget-heading .elementor-heading-title.elementor-size-xl{font-size:39px}.elementor-widget-heading .elementor-heading-title.elementor-size-xxl{font-size:59px}<\/style><h3 class=\"elementor-heading-title elementor-size-default\">Unsere Technologie im Fokus:<\/h3>\t\t<\/div>\n\t\t\t\t<\/div>\n\t\t\t\t<div class=\"elementor-element elementor-element-80ab041 elementor-widget elementor-widget-text-editor\" data-id=\"80ab041\" data-element_type=\"widget\" data-widget_type=\"text-editor.default\">\n\t\t\t\t<div class=\"elementor-widget-container\">\n\t\t\t<style>\/*! elementor - v3.16.0 - 12-09-2023 *\/\n.elementor-widget-text-editor.elementor-drop-cap-view-stacked .elementor-drop-cap{background-color:#69727d;color:#fff}.elementor-widget-text-editor.elementor-drop-cap-view-framed .elementor-drop-cap{color:#69727d;border:3px solid;background-color:transparent}.elementor-widget-text-editor:not(.elementor-drop-cap-view-default) .elementor-drop-cap{margin-top:8px}.elementor-widget-text-editor:not(.elementor-drop-cap-view-default) .elementor-drop-cap-letter{width:1em;height:1em}.elementor-widget-text-editor .elementor-drop-cap{float:left;text-align:center;line-height:1;font-size:50px}.elementor-widget-text-editor .elementor-drop-cap-letter{display:inline-block}<\/style>\t\t\t\t<p><span style=\"color: #3b3838;\">Unsere Photovoltaik-Speichersysteme basieren auf innovativen Batteriesystemen, die nicht nur effizient, sondern auch langlebig sind. Durch intelligente Energiemanagementsysteme optimieren wir den Energiefluss, um sicherzustellen, dass Sie jederzeit auf eine zuverl\u00e4ssige Energiequelle zugreifen k\u00f6nnen.<\/span><\/p>\t\t\t\t\t\t<\/div>\n\t\t\t\t<\/div>\n\t\t\t\t<div class=\"elementor-element elementor-element-9cd5789 elementor-widget elementor-widget-heading\" data-id=\"9cd5789\" data-element_type=\"widget\" data-widget_type=\"heading.default\">\n\t\t\t\t<div class=\"elementor-widget-container\">\n\t\t\t<h3 class=\"elementor-heading-title elementor-size-default\">Verf\u00fcgbare Gesch\u00e4ftsmodelle:<\/h3>\t\t<\/div>\n\t\t\t\t<\/div>\n\t\t\t\t<div class=\"elementor-element elementor-element-467a32b elementor-widget elementor-widget-text-editor\" data-id=\"467a32b\" data-element_type=\"widget\" data-widget_type=\"text-editor.default\">\n\t\t\t\t<div class=\"elementor-widget-container\">\n\t\t\t\t\t\t\t<p><strong>Engpassmanagement (Redispatch):<\/strong> Reduzierung von regionalen \u00dcberlastungen des Stromnetzes durch eine Regulierung des Stromproduktion.<\/p><p><strong>Regelenergie (Prim\u00e4r und Sekund\u00e4r):<\/strong> als Reserve um Schwankungen im Stromnetz auszugleichen.<\/p><p><strong>Intraday-Trading:<\/strong> um die Volatilit\u00e4t am Spotmarkt (Stromb\u00f6rse), getrieben durch den starken Ausbau der Erneuerbaren Energien, entgegenzuwirken.<\/p><p><strong>Peak Shaving: <\/strong>um Lastspitzen und somit h\u00f6here Nutzungsentgelte beim Strombezug von Unternehmen zu reduzieren.<\/p>\t\t\t\t\t\t<\/div>\n\t\t\t\t<\/div>\n\t\t\t\t<div class=\"elementor-element elementor-element-5614c0c elementor-widget elementor-widget-heading\" data-id=\"5614c0c\" data-element_type=\"widget\" data-widget_type=\"heading.default\">\n\t\t\t\t<div class=\"elementor-widget-container\">\n\t\t\t<h3 class=\"elementor-heading-title elementor-size-default\">Gemeinsam in eine bessere Zukunft<\/h3>\t\t<\/div>\n\t\t\t\t<\/div>\n\t\t\t\t<div class=\"elementor-element elementor-element-3c03f20 elementor-widget elementor-widget-text-editor\" data-id=\"3c03f20\" data-element_type=\"widget\" data-widget_type=\"text-editor.default\">\n\t\t\t\t<div class=\"elementor-widget-container\">\n\t\t\t\t\t\t\t<p><span style=\"color: #3b3838;\">Bei der Frankfurt Energy Holding sind wir stolz darauf, innovative L\u00f6sungen anzubieten, die nicht nur die Umwelt sch\u00fctzen, sondern auch Ihren Alltag verbessern. Entdecken Sie die Zukunft der Energieversorgung mit unserer Photovoltaik und Speichertechnologie \u2013 f\u00fcr eine gr\u00fcnere Welt!<\/span><\/p>\t\t\t\t\t\t<\/div>\n\t\t\t\t<\/div>\n\t\t\t\t<div class=\"elementor-element elementor-element-5800750 elementor-widget elementor-widget-heading\" data-id=\"5800750\" data-element_type=\"widget\" data-widget_type=\"heading.default\">\n\t\t\t\t<div class=\"elementor-widget-container\">\n\t\t\t<h3 class=\"elementor-heading-title elementor-size-default\">Vorteile unserer Speichertechnologie:<\/h3>\t\t<\/div>\n\t\t\t\t<\/div>\n\t\t\t\t<div class=\"elementor-element elementor-element-6b6d32e elementor-widget elementor-widget-text-editor\" data-id=\"6b6d32e\" data-element_type=\"widget\" data-widget_type=\"text-editor.default\">\n\t\t\t\t<div class=\"elementor-widget-container\">\n\t\t\t\t\t\t\t<p><span style=\"color: #3b3838;\"><strong>Nachhaltigkeit:<\/strong> Reduzieren Sie Ihren \u00f6kologischen Fu\u00dfabdruck, indem Sie tags\u00fcber erzeugte Solarenergie speichern und nach Bedarf verwenden.<\/span><\/p><p><span style=\"color: #3b3838;\"><strong>Flexibilit\u00e4t und Unabh\u00e4ngigkeit:<\/strong> Nutzen Sie Ihren Solarstrom, wann immer Sie ihn ben\u00f6tigen, und seien Sie unabh\u00e4ngig von Netzausf\u00e4llen.<\/span><\/p><p><span style=\"color: #3b3838;\"><strong>Autarke Energieversorgung<\/strong>: Werden Sie Ihr eigener Energieproduzent und reduzieren Sie Ihre Abh\u00e4ngigkeit von externen Stromquellen.<\/span><\/p>\t\t\t\t\t\t<\/div>\n\t\t\t\t<\/div>\n\t\t\t\t<div class=\"elementor-element elementor-element-23a4aa0 elementor-widget elementor-widget-button\" data-id=\"23a4aa0\" data-element_type=\"widget\" data-widget_type=\"button.default\">\n\t\t\t\t<div class=\"elementor-widget-container\">\n\t\t\t\t\t<div class=\"elementor-button-wrapper\">\n\t\t\t<a class=\"elementor-button elementor-button-link elementor-size-sm\" href=\"\/kontakt\" id=\"portfolio-contact-button\">\n\t\t\t\t\t\t<span class=\"elementor-button-content-wrapper\">\n\t\t\t\t\t\t<span class=\"elementor-button-text\">Nehmen Sie jetzt Kontakt auf<\/span>\n\t\t<\/span>\n\t\t\t\t\t<\/a>\n\t\t<\/div>\n\t\t\t\t<\/div>\n\t\t\t\t<\/div>\n\t\t\t\t\t<\/div>\n\t\t\t\t<\/div>\n\t\t\t\t\t\t\t<\/div>\n\t\t","protected":false},"excerpt":{"rendered":"<p>Speicher:Der n\u00e4chste Schritt Speicher Wir entwickeln, bauen und betreiben eigenst\u00e4ndige Batteriespeicher sowie Hybride Energiesysteme, die Batteriespeicher mit unseren Solaranlagen verkn\u00fcpfen. Sie speichern den \u00fcbersch\u00fcssigen Solarstrom, den die Anlagen w\u00e4hrend sonnenreicher Stunden erzeugen. Genutzt wird dieser Strom, wenn die Sonne eine Pause macht. Das bedeutet Unabh\u00e4ngigkeit von konventionellen Energiequellen und eine nachhaltige Energieversorgung rund um die&#8230;<\/p>","protected":false},"author":1,"featured_media":0,"parent":5499,"menu_order":0,"comment_status":"closed","ping_status":"closed","template":"r-energy-elementor-page.php","meta":{"_acf_changed":false,"footnotes":""},"acf":[],"_links":{"self":[{"href":"https:\/\/www.frankfurt-energy.de\/en\/wp-json\/wp\/v2\/pages\/6879"}],"collection":[{"href":"https:\/\/www.frankfurt-energy.de\/en\/wp-json\/wp\/v2\/pages"}],"about":[{"href":"https:\/\/www.frankfurt-energy.de\/en\/wp-json\/wp\/v2\/types\/page"}],"author":[{"embeddable":true,"href":"https:\/\/www.frankfurt-energy.de\/en\/wp-json\/wp\/v2\/users\/1"}],"replies":[{"embeddable":true,"href":"https:\/\/www.frankfurt-energy.de\/en\/wp-json\/wp\/v2\/comments?post=6879"}],"version-history":[{"count":111,"href":"https:\/\/www.frankfurt-energy.de\/en\/wp-json\/wp\/v2\/pages\/6879\/revisions"}],"predecessor-version":[{"id":10090,"href":"https:\/\/www.frankfurt-energy.de\/en\/wp-json\/wp\/v2\/pages\/6879\/revisions\/10090"}],"up":[{"embeddable":true,"href":"https:\/\/www.frankfurt-energy.de\/en\/wp-json\/wp\/v2\/pages\/5499"}],"wp:attachment":[{"href":"https:\/\/www.frankfurt-energy.de\/en\/wp-json\/wp\/v2\/media?parent=6879"}],"curies":[{"name":"wp","href":"https:\/\/api.w.org\/{rel}","templated":true}]}}