{"id":6886,"date":"2023-10-25T13:32:56","date_gmt":"2023-10-25T11:32:56","guid":{"rendered":"http:\/\/s983608708.online.de\/?page_id=6886"},"modified":"2024-04-25T10:05:31","modified_gmt":"2024-04-25T08:05:31","slug":"agri-pv","status":"publish","type":"page","link":"https:\/\/www.frankfurt-energy.de\/en\/projekte\/agri-pv\/","title":{"rendered":"Agri-PV"},"content":{"rendered":"\t\t<div data-elementor-type=\"wp-page\" data-elementor-id=\"6886\" class=\"elementor elementor-6886\">\n\t\t\t\t\t\t\t<div class=\"elementor-element elementor-element-782c34e e-con-full e-flex e-con e-parent\" data-id=\"782c34e\" data-element_type=\"container\" data-settings=\"{&quot;content_width&quot;:&quot;full&quot;}\" data-core-v316-plus=\"true\">\n\t\t\t\t<div class=\"elementor-element elementor-element-5adbceb elementor-widget elementor-widget-r-energy-page-hero-section\" data-id=\"5adbceb\" data-element_type=\"widget\" data-widget_type=\"r-energy-page-hero-section.default\">\n\t\t\t\t<div class=\"elementor-widget-container\">\n\t\t\t<div class=\"promo-primary\"><div class=\"overlay\"><\/div><picture><source srcset=\"https:\/\/www.frankfurt-energy.de\/wp-content\/uploads\/2023\/11\/iStock-1332497007-2560x1025.jpg\" media=\"(min-width: 992px)\"\/><img decoding=\"async\" class=\"img-bg\" src=\"https:\/\/www.frankfurt-energy.de\/wp-content\/uploads\/2023\/11\/iStock-1332497007-2560x1025.jpg\" alt=\"iStock-1332497007-scaled.jpg\"\/><\/picture><div class=\"container\"><div class=\"row\"><div class=\"col-12\"><div class=\"align-container\"><div class=\"align-item\"><h1 class=\"title\">Agri-PV:<br>Die Zukunft der Landwirtschaft<\/h1><\/div><\/div><\/div><\/div><\/div><\/div>\t\t<\/div>\n\t\t\t\t<\/div>\n\t\t\t\t<\/div>\n\t\t<div class=\"elementor-element elementor-element-0acb3db e-flex e-con-boxed e-con e-parent\" data-id=\"0acb3db\" data-element_type=\"container\" data-settings=\"{&quot;content_width&quot;:&quot;boxed&quot;}\" data-core-v316-plus=\"true\">\n\t\t\t\t\t<div class=\"e-con-inner\">\n\t\t\t\t<div class=\"elementor-element elementor-element-795fdf9 elementor-widget elementor-widget-r-energy-about-us-two-section\" data-id=\"795fdf9\" data-element_type=\"widget\" data-widget_type=\"r-energy-about-us-two-section.default\">\n\t\t\t\t<div class=\"elementor-widget-container\">\n\t\t\t<div class=\"about-welcome about-welcome--style-2\"><div class=\"container\"><div class=\"row align-items-center\"><div class=\"col-xl-4 col-lg-5\"><div class=\"title-block\"><h2 class=\"title\">Agri-PV<\/h2><\/div><\/div><div class=\"col-xl-7 offset-xl-1 col-lg-6 offset-lg-1\"><div class=\"description\"><p><span style=\"color: #3b3838;\">Die Landwirtschaft steht vor der Herausforderung, die wachsende Weltbev\u00f6lkerung zu ern\u00e4hren, gleichzeitig aber auch nachhaltiger zu werden. Eine vielversprechende L\u00f6sung, die beide Ziele in Einklang bringt, ist die Agri-PV. Sie verspricht effiziente Fl\u00e4chennutzung, klimafreundliche Energieproduktion und nachhaltige und ressourcenschonende Landwirtschaft.<\/span><\/p><\/div><\/div><\/div><\/div><\/div>\t\t<\/div>\n\t\t\t\t<\/div>\n\t\t\t\t\t<\/div>\n\t\t\t\t<\/div>\n\t\t<div class=\"elementor-element elementor-element-3872b6b e-flex e-con-boxed e-con e-parent\" data-id=\"3872b6b\" data-element_type=\"container\" data-settings=\"{&quot;content_width&quot;:&quot;boxed&quot;}\" data-core-v316-plus=\"true\">\n\t\t\t\t\t<div class=\"e-con-inner\">\n\t\t\t\t<div class=\"elementor-element elementor-element-a748108 elementor-widget elementor-widget-heading\" data-id=\"a748108\" data-element_type=\"widget\" data-widget_type=\"heading.default\">\n\t\t\t\t<div class=\"elementor-widget-container\">\n\t\t\t<style>\/*! elementor - v3.16.0 - 12-09-2023 *\/\n.elementor-heading-title{padding:0;margin:0;line-height:1}.elementor-widget-heading .elementor-heading-title[class*=elementor-size-]>a{color:inherit;font-size:inherit;line-height:inherit}.elementor-widget-heading .elementor-heading-title.elementor-size-small{font-size:15px}.elementor-widget-heading .elementor-heading-title.elementor-size-medium{font-size:19px}.elementor-widget-heading .elementor-heading-title.elementor-size-large{font-size:29px}.elementor-widget-heading .elementor-heading-title.elementor-size-xl{font-size:39px}.elementor-widget-heading .elementor-heading-title.elementor-size-xxl{font-size:59px}<\/style><h3 class=\"elementor-heading-title elementor-size-default\">Was ist Agri-PV?<\/h3>\t\t<\/div>\n\t\t\t\t<\/div>\n\t\t\t\t<div class=\"elementor-element elementor-element-1f89e31 elementor-widget elementor-widget-text-editor\" data-id=\"1f89e31\" data-element_type=\"widget\" data-widget_type=\"text-editor.default\">\n\t\t\t\t<div class=\"elementor-widget-container\">\n\t\t\t<style>\/*! elementor - v3.16.0 - 12-09-2023 *\/\n.elementor-widget-text-editor.elementor-drop-cap-view-stacked .elementor-drop-cap{background-color:#69727d;color:#fff}.elementor-widget-text-editor.elementor-drop-cap-view-framed .elementor-drop-cap{color:#69727d;border:3px solid;background-color:transparent}.elementor-widget-text-editor:not(.elementor-drop-cap-view-default) .elementor-drop-cap{margin-top:8px}.elementor-widget-text-editor:not(.elementor-drop-cap-view-default) .elementor-drop-cap-letter{width:1em;height:1em}.elementor-widget-text-editor .elementor-drop-cap{float:left;text-align:center;line-height:1;font-size:50px}.elementor-widget-text-editor .elementor-drop-cap-letter{display:inline-block}<\/style>\t\t\t\t<p><span style=\"color: #3b3838;\">Agri-PV vereint die Vorz\u00fcge der Solarstromerzeugung und Landwirtschaft auf einer gemeinsamen Fl\u00e4che. Statt landwirtschaftliche Gebiete ausschlie\u00dflich f\u00fcr den Nahrungsmittelanbau zu nutzen, integrieren wir Solaranlagen in die Struktur. Diese innovative Verbindung erm\u00f6glicht eine nachhaltige und effiziente Nutzung von Landressourcen. Die Anordnung der Solarpaneele wird dabei an die topografischen Gegebenheiten und die Art der landwirtschaftlichen Aktivit\u00e4ten angepasst. Bei vertikal montierten PV-Modulen erfolgt die Landwirtschaft zwischen den Modulreihen, w\u00e4hrend bei hochaufgestellten PV-Modulen die Fl\u00e4che unter den Modulen bewirtschaftet wird.<\/span><\/p>\t\t\t\t\t\t<\/div>\n\t\t\t\t<\/div>\n\t\t\t\t<div class=\"elementor-element elementor-element-dc1b70c elementor-widget elementor-widget-heading\" data-id=\"dc1b70c\" data-element_type=\"widget\" data-widget_type=\"heading.default\">\n\t\t\t\t<div class=\"elementor-widget-container\">\n\t\t\t<h3 class=\"elementor-heading-title elementor-size-default\">Die Vorteile von Agri-PV<\/h3>\t\t<\/div>\n\t\t\t\t<\/div>\n\t\t\t\t<div class=\"elementor-element elementor-element-f970d27 elementor-widget elementor-widget-text-editor\" data-id=\"f970d27\" data-element_type=\"widget\" data-widget_type=\"text-editor.default\">\n\t\t\t\t<div class=\"elementor-widget-container\">\n\t\t\t\t\t\t\t<p><span style=\"color: #3b3838;\"><strong>Effiziente Fl\u00e4chennutzung: <\/strong>Agri-PV er\u00f6ffnet eine optimale Nutzung landwirtschaftlicher Fl\u00e4chen. Landwirte haben nun die M\u00f6glichkeit, ihre Felder nicht nur f\u00fcr den Anbau von Lebensmitteln, sondern auch f\u00fcr nachhaltige Energieerzeugung zu nutzen. Diese Doppelnutzung steigert deutlich die Effizienz und Rentabilit\u00e4t der Fl\u00e4chen, da die Verpachtung der Fl\u00e4che \u00fcber viele Jahre hinweg eine gesicherte Einnahmequelle bietet.<\/span><\/p><p><span style=\"color: #3b3838;\"><strong>Klimafreundliche Energieproduktion: <\/strong>Die Solarmodule auf landwirtschaftlichen Fl\u00e4chen erzeugen saubere Energie und tragen zur Reduzierung von Treibhausgasemissionen bei. Agri-PV ist damit ein wichtiger Schritt in Richtung einer klimafreundlichen Energieproduktion, die zur Bek\u00e4mpfung des Klimawandels beitr\u00e4gt.<\/span><\/p><p><span style=\"color: #3b3838;\"><strong>Nachhaltige Landwirtschaft: <\/strong>Die Synergie zwischen Landwirtschaft und erneuerbarer Energie spielt eine entscheidende Rolle f\u00fcr die Nachhaltigkeit in der Landwirtschaft. Die Agri-PV erm\u00f6glicht die Eigennutzung des erzeugten Stroms f\u00fcr eTraktoren, Beregnungsanlagen, K\u00fchlh\u00e4user, Erntemaschinen und mehr, was nicht nur zu Kosteneinsparungen f\u00fchrt, sondern auch den \u00f6kologischen Fu\u00dfabdruck reduziert. Durch die Minimierung des Einsatzes nicht erneuerbarer Ressourcen f\u00f6rdert diese innovative Praxis eine umweltfreundliche Landwirtschaft.<\/span><\/p><p><span style=\"color: #3b3838;\"><strong>Ressourcenschonend: <\/strong>Durch die zeitweilige Verschattung bei vertikal montierten PV-Modulen werden die Pflanzen vor starker Sonneneinstrahlung und Verdunstung (fl\u00e4chenbezogene Evapotranspiration) gesch\u00fctzt. Damit reduziert sich auch der Wasserbedarf f\u00fcr den Pflanzenanbau. Dies ist besonders in Regionen mit Wasserknappheit von Vorteil und unterst\u00fctzt eine ressourcenschonende Landwirtschaft. Hochaufgestellte PV-Modulen bieten zudem Schutz vor Starkregen und Hagel sowie Frost, da die Bodenw\u00e4rme unter der Anlage verbleibt.<\/span><\/p>\t\t\t\t\t\t<\/div>\n\t\t\t\t<\/div>\n\t\t\t\t\t<\/div>\n\t\t\t\t<\/div>\n\t\t<div class=\"elementor-element elementor-element-bcc5862 feh-banner e-flex e-con-boxed e-con e-parent\" data-id=\"bcc5862\" data-element_type=\"container\" data-settings=\"{&quot;background_background&quot;:&quot;classic&quot;,&quot;content_width&quot;:&quot;boxed&quot;}\" data-core-v316-plus=\"true\">\n\t\t\t\t\t<div class=\"e-con-inner\">\n\t\t<div class=\"elementor-element elementor-element-b7f211f e-con-full e-flex e-con e-child\" data-id=\"b7f211f\" data-element_type=\"container\" data-settings=\"{&quot;content_width&quot;:&quot;full&quot;}\">\n\t\t\t\t<div class=\"elementor-element elementor-element-645abed elementor-widget__width-initial elementor-widget elementor-widget-heading\" data-id=\"645abed\" data-element_type=\"widget\" data-widget_type=\"heading.default\">\n\t\t\t\t<div class=\"elementor-widget-container\">\n\t\t\t<h2 class=\"elementor-heading-title elementor-size-default\">Sie besitzen eine Fl\u00e4che mit einer Gr\u00f6\u00dfe von mehr als 2 Hektar?<\/h2>\t\t<\/div>\n\t\t\t\t<\/div>\n\t\t\t\t<div class=\"elementor-element elementor-element-8fb01eb elementor-widget elementor-widget-text-editor\" data-id=\"8fb01eb\" data-element_type=\"widget\" data-widget_type=\"text-editor.default\">\n\t\t\t\t<div class=\"elementor-widget-container\">\n\t\t\t\t\t\t\t<p>Warum verpachten Sie diese nicht f\u00fcr den Bau von Solarparks?<\/p>\t\t\t\t\t\t<\/div>\n\t\t\t\t<\/div>\n\t\t\t\t<div class=\"elementor-element elementor-element-a6af4e9 btn-yellow elementor-align-center elementor-widget elementor-widget-button\" data-id=\"a6af4e9\" data-element_type=\"widget\" data-widget_type=\"button.default\">\n\t\t\t\t<div class=\"elementor-widget-container\">\n\t\t\t\t\t<div class=\"elementor-button-wrapper\">\n\t\t\t<a class=\"elementor-button elementor-button-link elementor-size-sm\" href=\"\/kontakt\/\" target=\"_blank\">\n\t\t\t\t\t\t<span class=\"elementor-button-content-wrapper\">\n\t\t\t\t\t\t<span class=\"elementor-button-text\">Mehr Informationen<\/span>\n\t\t<\/span>\n\t\t\t\t\t<\/a>\n\t\t<\/div>\n\t\t\t\t<\/div>\n\t\t\t\t<\/div>\n\t\t\t\t<\/div>\n\t\t\t\t\t<\/div>\n\t\t\t\t<\/div>\n\t\t<div class=\"elementor-element elementor-element-76571cf e-flex e-con-boxed e-con e-parent\" data-id=\"76571cf\" data-element_type=\"container\" data-settings=\"{&quot;content_width&quot;:&quot;boxed&quot;}\" data-core-v316-plus=\"true\">\n\t\t\t\t\t<div class=\"e-con-inner\">\n\t\t\t\t<div class=\"elementor-element elementor-element-56bd18e elementor-widget elementor-widget-heading\" data-id=\"56bd18e\" data-element_type=\"widget\" data-widget_type=\"heading.default\">\n\t\t\t\t<div class=\"elementor-widget-container\">\n\t\t\t<h3 class=\"elementor-heading-title elementor-size-default\">Unsere Mission<\/h3>\t\t<\/div>\n\t\t\t\t<\/div>\n\t\t\t\t<div class=\"elementor-element elementor-element-f02c2eb elementor-widget elementor-widget-text-editor\" data-id=\"f02c2eb\" data-element_type=\"widget\" data-widget_type=\"text-editor.default\">\n\t\t\t\t<div class=\"elementor-widget-container\">\n\t\t\t\t\t\t\t<p><span style=\"color: #3b3838;\">Bei der Frankfurt Energy Holding sind wir Vorreiter auf dem Gebiet der Agri-PV. Unser Engagement gilt der Entwicklung nachhaltiger L\u00f6sungen, die Landwirten erm\u00f6glichen, ihre Fl\u00e4chen optimal zu nutzen und gleichzeitig einen Beitrag zur Energiewende zu leisten. Wir bieten ma\u00dfgeschneiderte Agri-PV-L\u00f6sungen, die nicht nur effizient und wirtschaftlich sind, sondern auch die Umwelt sch\u00fctzen.<\/span><\/p>\t\t\t\t\t\t<\/div>\n\t\t\t\t<\/div>\n\t\t\t\t<div class=\"elementor-element elementor-element-c6ba70c elementor-widget elementor-widget-heading\" data-id=\"c6ba70c\" data-element_type=\"widget\" data-widget_type=\"heading.default\">\n\t\t\t\t<div class=\"elementor-widget-container\">\n\t\t\t<h3 class=\"elementor-heading-title elementor-size-default\">Kontaktieren Sie uns<\/h3>\t\t<\/div>\n\t\t\t\t<\/div>\n\t\t\t\t<div class=\"elementor-element elementor-element-0210ec6 elementor-widget elementor-widget-text-editor\" data-id=\"0210ec6\" data-element_type=\"widget\" data-widget_type=\"text-editor.default\">\n\t\t\t\t<div class=\"elementor-widget-container\">\n\t\t\t\t\t\t\t<p><span style=\"color: #3b3838;\">Agri-PV steht f\u00fcr Innovation und Fortschritt in der Landwirtschaft. Die Integration modernster Solartechnologien auf landwirtschaftlichen Fl\u00e4chen ist ein zukunftsweisender Ansatz, der die Branche nachhaltig ver\u00e4ndern wird.<\/span><\/p>\n<p><span style=\"color: #3b3838;\">Wenn Sie mehr \u00fcber diese zukunftsorientierte Technologie erfahren m\u00f6chten oder Interesse an einer Partnerschaft haben, z\u00f6gern Sie nicht, uns zu kontaktieren. Gemeinsam gestalten wir eine nachhaltige Zukunft f\u00fcr die Landwirtschaft und die Energieerzeugung.<\/span><\/p>\t\t\t\t\t\t<\/div>\n\t\t\t\t<\/div>\n\t\t\t\t<div class=\"elementor-element elementor-element-fe52c0b elementor-widget elementor-widget-button\" data-id=\"fe52c0b\" data-element_type=\"widget\" data-widget_type=\"button.default\">\n\t\t\t\t<div class=\"elementor-widget-container\">\n\t\t\t\t\t<div class=\"elementor-button-wrapper\">\n\t\t\t<a class=\"elementor-button elementor-button-link elementor-size-sm\" href=\"\/kontakt\" id=\"portfolio-contact-button\">\n\t\t\t\t\t\t<span class=\"elementor-button-content-wrapper\">\n\t\t\t\t\t\t<span class=\"elementor-button-text\">Nehmen Sie jetzt Kontakt auf<\/span>\n\t\t<\/span>\n\t\t\t\t\t<\/a>\n\t\t<\/div>\n\t\t\t\t<\/div>\n\t\t\t\t<\/div>\n\t\t\t\t\t<\/div>\n\t\t\t\t<\/div>\n\t\t\t\t\t\t\t<\/div>\n\t\t","protected":false},"excerpt":{"rendered":"<p>Agri-PV:Die Zukunft der Landwirtschaft Agri-PV Die Landwirtschaft steht vor der Herausforderung, die wachsende Weltbev\u00f6lkerung zu ern\u00e4hren, gleichzeitig aber auch nachhaltiger zu werden. Eine vielversprechende L\u00f6sung, die beide Ziele in Einklang bringt, ist die Agri-PV. Sie verspricht effiziente Fl\u00e4chennutzung, klimafreundliche Energieproduktion und nachhaltige und ressourcenschonende Landwirtschaft. Was ist Agri-PV? Agri-PV vereint die Vorz\u00fcge der Solarstromerzeugung und&#8230;<\/p>","protected":false},"author":1,"featured_media":0,"parent":5499,"menu_order":0,"comment_status":"closed","ping_status":"closed","template":"r-energy-elementor-page.php","meta":{"_acf_changed":false,"footnotes":""},"acf":[],"_links":{"self":[{"href":"https:\/\/www.frankfurt-energy.de\/en\/wp-json\/wp\/v2\/pages\/6886"}],"collection":[{"href":"https:\/\/www.frankfurt-energy.de\/en\/wp-json\/wp\/v2\/pages"}],"about":[{"href":"https:\/\/www.frankfurt-energy.de\/en\/wp-json\/wp\/v2\/types\/page"}],"author":[{"embeddable":true,"href":"https:\/\/www.frankfurt-energy.de\/en\/wp-json\/wp\/v2\/users\/1"}],"replies":[{"embeddable":true,"href":"https:\/\/www.frankfurt-energy.de\/en\/wp-json\/wp\/v2\/comments?post=6886"}],"version-history":[{"count":147,"href":"https:\/\/www.frankfurt-energy.de\/en\/wp-json\/wp\/v2\/pages\/6886\/revisions"}],"predecessor-version":[{"id":10156,"href":"https:\/\/www.frankfurt-energy.de\/en\/wp-json\/wp\/v2\/pages\/6886\/revisions\/10156"}],"up":[{"embeddable":true,"href":"https:\/\/www.frankfurt-energy.de\/en\/wp-json\/wp\/v2\/pages\/5499"}],"wp:attachment":[{"href":"https:\/\/www.frankfurt-energy.de\/en\/wp-json\/wp\/v2\/media?parent=6886"}],"curies":[{"name":"wp","href":"https:\/\/api.w.org\/{rel}","templated":true}]}}