{"id":7610,"date":"2023-11-15T10:14:30","date_gmt":"2023-11-15T09:14:30","guid":{"rendered":"http:\/\/s983608708.online.de\/?page_id=7610"},"modified":"2024-02-21T11:23:49","modified_gmt":"2024-02-21T10:23:49","slug":"referenzen","status":"publish","type":"page","link":"https:\/\/www.frankfurt-energy.de\/en\/projekte\/referenzen\/","title":{"rendered":"References"},"content":{"rendered":"<div data-elementor-type=\"wp-page\" data-elementor-id=\"7610\" class=\"elementor elementor-7610\">\n\t\t\t\t\t\t\t<div class=\"elementor-element elementor-element-86b4f85 e-con-full e-flex e-con e-parent\" data-id=\"86b4f85\" data-element_type=\"container\" data-settings=\"{&quot;content_width&quot;:&quot;full&quot;}\" data-core-v316-plus=\"true\">\n\t\t\t\t<div class=\"elementor-element elementor-element-3949a83 elementor-widget elementor-widget-r-energy-page-hero-section\" data-id=\"3949a83\" data-element_type=\"widget\" data-widget_type=\"r-energy-page-hero-section.default\">\n\t\t\t\t<div class=\"elementor-widget-container\">\n\t\t\t<div class=\"promo-primary\"><div class=\"overlay\"><\/div><picture><source srcset=\"https:\/\/www.frankfurt-energy.de\/wp-content\/uploads\/2023\/10\/Basepohl-II_5-2560x1023.jpg\" media=\"(min-width: 992px)\"\/><img decoding=\"async\" class=\"img-bg\" src=\"https:\/\/www.frankfurt-energy.de\/wp-content\/uploads\/2023\/10\/Basepohl-II_5-2560x1023.jpg\" alt=\"Basepohl II\"\/><\/picture><div class=\"container\"><div class=\"row\"><div class=\"col-12\"><div class=\"align-container\"><div class=\"align-item\"><h1 class=\"title\">Our references<\/h1><\/div><\/div><\/div><\/div><\/div><\/div>\t\t<\/div>\n\t\t\t\t<\/div>\n\t\t\t\t<\/div>\n\t\t<div class=\"elementor-element elementor-element-801f7ae e-flex e-con-boxed e-con e-parent\" data-id=\"801f7ae\" data-element_type=\"container\" data-settings=\"{&quot;content_width&quot;:&quot;boxed&quot;}\" data-core-v316-plus=\"true\">\n\t\t\t\t\t<div class=\"e-con-inner\">\n\t\t\t\t<div class=\"elementor-element elementor-element-e936db8 elementor-widget elementor-widget-r-energy-section-heading\" data-id=\"e936db8\" data-element_type=\"widget\" data-widget_type=\"r-energy-section-heading.default\">\n\t\t\t\t<div class=\"elementor-widget-container\">\n\t\t\t<div class=\"heading primary-heading mb-0\"><h2 class=\"subtitle\"><span>Here you will find an extract<\/span> <span><br>of our references<\/span><\/h2><\/div>\t\t<\/div>\n\t\t\t\t<\/div>\n\t\t\t\t\t<\/div>\n\t\t\t\t<\/div>\n\t\t<div class=\"elementor-element elementor-element-6cd44b2 e-flex e-con-boxed e-con e-parent\" data-id=\"6cd44b2\" data-element_type=\"container\" data-settings=\"{&quot;content_width&quot;:&quot;boxed&quot;}\" data-core-v316-plus=\"true\">\n\t\t\t\t\t<div class=\"e-con-inner\">\n\t\t\t\t<div class=\"elementor-element elementor-element-9c5556e elementor-widget elementor-widget-r-energy-cases-cpt-gallery-section\" data-id=\"9c5556e\" data-element_type=\"widget\" data-widget_type=\"r-energy-cases-cpt-gallery-section.default\">\n\t\t\t\t<div class=\"elementor-widget-container\">\n\t\t\t<div class=\"project-cases\"><div class=\"row no-gutters\"><div class=\"col-lg-4 col-sm-6\"><div class=\"cases-item\"><a class=\"img-holder\" href=\"https:\/\/www.frankfurt-energy.de\/en\/cases\/speicher-querfurt\/\"><div class=\"overlay\"><\/div><img decoding=\"async\" class=\"img-bg\" src=\"https:\/\/www.frankfurt-energy.de\/wp-content\/uploads\/2026\/01\/dji_fly_20250922_171850_0_1758554330658.jpg\" alt=\"Querfurt_Drohnenbild PV-Anlage mit Speicher\"><\/a><div class=\"description\"><h5 class=\"title\">BESS Querfurt<\/h5><a class=\"with--line\" href=\"https:\/\/www.frankfurt-energy.de\/en\/cases\/speicher-querfurt\/\">Details<\/a><\/div><\/div><\/div><div class=\"col-lg-4 col-sm-6\"><div class=\"cases-item\"><a class=\"img-holder\" href=\"https:\/\/www.frankfurt-energy.de\/en\/cases\/oder-center-schwedt-ocs\/\"><div class=\"overlay\"><\/div><img decoding=\"async\" class=\"img-bg\" src=\"https:\/\/www.frankfurt-energy.de\/wp-content\/uploads\/2024\/11\/Drohnenaufnahme-OCS-scaled.jpg\" alt=\"Drohnenaufnahme-OCS-scaled.jpg\"><\/a><div class=\"description\"><h5 class=\"title\">Oder Centre Schwedt (OCS)<\/h5><a class=\"with--line\" href=\"https:\/\/www.frankfurt-energy.de\/en\/cases\/oder-center-schwedt-ocs\/\">Details<\/a><\/div><\/div><\/div><div class=\"col-lg-4 col-sm-6\"><div class=\"cases-item\"><a class=\"img-holder\" href=\"https:\/\/www.frankfurt-energy.de\/en\/cases\/trollenhagen\/\"><div class=\"overlay\"><\/div><img decoding=\"async\" class=\"img-bg\" src=\"https:\/\/www.frankfurt-energy.de\/wp-content\/uploads\/2025\/07\/IMG_6211_klein-scaled.jpg\" alt=\"IMG_6211_klein-scaled.jpg\"><\/a><div class=\"description\"><h5 class=\"title\">Trollenhagen<\/h5><a class=\"with--line\" href=\"https:\/\/www.frankfurt-energy.de\/en\/cases\/trollenhagen\/\">Details<\/a><\/div><\/div><\/div><div class=\"col-lg-4 col-sm-6\"><div class=\"cases-item\"><a class=\"img-holder\" href=\"https:\/\/www.frankfurt-energy.de\/en\/cases\/dohndorf\/\"><div class=\"overlay\"><\/div><img decoding=\"async\" class=\"img-bg\" src=\"https:\/\/www.frankfurt-energy.de\/wp-content\/uploads\/2024\/09\/DJI_0388-scaled.jpg\" alt=\"Dohndorf\"><\/a><div class=\"description\"><h5 class=\"title\">Dohndorf<\/h5><a class=\"with--line\" href=\"https:\/\/www.frankfurt-energy.de\/en\/cases\/dohndorf\/\">Details<\/a><\/div><\/div><\/div><div class=\"col-lg-4 col-sm-6\"><div class=\"cases-item\"><a class=\"img-holder\" href=\"https:\/\/www.frankfurt-energy.de\/en\/cases\/speicher-grossenhain\/\"><div class=\"overlay\"><\/div><img decoding=\"async\" class=\"img-bg\" src=\"https:\/\/www.frankfurt-energy.de\/wp-content\/uploads\/2023\/11\/IMG_20180418_112259-scaled.jpg\" alt=\"Gro\u00dfenhain\"><\/a><div class=\"description\"><h5 class=\"title\">BESS Gro\u00dfenhain<\/h5><a class=\"with--line\" href=\"https:\/\/www.frankfurt-energy.de\/en\/cases\/speicher-grossenhain\/\">Details<\/a><\/div><\/div><\/div><div class=\"col-lg-4 col-sm-6\"><div class=\"cases-item\"><a class=\"img-holder\" href=\"https:\/\/www.frankfurt-energy.de\/en\/cases\/rhein-neckar-zentrum\/\"><div class=\"overlay\"><\/div><img decoding=\"async\" class=\"img-bg\" src=\"https:\/\/www.frankfurt-energy.de\/wp-content\/uploads\/2024\/02\/RNZ_DJI_0015-scaled.jpg\" alt=\"Rhein-Neckar-Zentrum\"><\/a><div class=\"description\"><h5 class=\"title\">Rhine-Neckar Centre<\/h5><a class=\"with--line\" href=\"https:\/\/www.frankfurt-energy.de\/en\/cases\/rhein-neckar-zentrum\/\">Details<\/a><\/div><\/div><\/div><div class=\"col-lg-4 col-sm-6\"><div class=\"cases-item\"><a class=\"img-holder\" href=\"https:\/\/www.frankfurt-energy.de\/en\/cases\/guben\/\"><div class=\"overlay\"><\/div><img decoding=\"async\" class=\"img-bg\" src=\"https:\/\/www.frankfurt-energy.de\/wp-content\/uploads\/2024\/02\/Guben-II_20230509_073535-scaled.jpg\" alt=\"Guben II\"><\/a><div class=\"description\"><h5 class=\"title\">Guben<\/h5><a class=\"with--line\" href=\"https:\/\/www.frankfurt-energy.de\/en\/cases\/guben\/\">Details<\/a><\/div><\/div><\/div><div class=\"col-lg-4 col-sm-6\"><div class=\"cases-item\"><a class=\"img-holder\" href=\"https:\/\/www.frankfurt-energy.de\/en\/cases\/basepohl-i\/\"><div class=\"overlay\"><\/div><img decoding=\"async\" class=\"img-bg\" src=\"https:\/\/www.frankfurt-energy.de\/wp-content\/uploads\/2024\/02\/Basepohl-I_1-scaled.jpg\" alt=\"Basepohl I\"><\/a><div class=\"description\"><h5 class=\"title\">Basepohl I<\/h5><a class=\"with--line\" href=\"https:\/\/www.frankfurt-energy.de\/en\/cases\/basepohl-i\/\">Details<\/a><\/div><\/div><\/div><div class=\"col-lg-4 col-sm-6\"><div class=\"cases-item\"><a class=\"img-holder\" href=\"https:\/\/www.frankfurt-energy.de\/en\/cases\/tangermuende\/\"><div class=\"overlay\"><\/div><img decoding=\"async\" class=\"img-bg\" src=\"https:\/\/www.frankfurt-energy.de\/wp-content\/uploads\/2023\/10\/Tuerkheim_3-scaled.jpg\" alt=\"Tu\u0308rkheim\"><\/a><div class=\"description\"><h5 class=\"title\">Tangerm\u00fcnde<\/h5><a class=\"with--line\" href=\"https:\/\/www.frankfurt-energy.de\/en\/cases\/tangermuende\/\">Details<\/a><\/div><\/div><\/div><div class=\"col-lg-4 col-sm-6\"><div class=\"cases-item\"><a class=\"img-holder\" href=\"https:\/\/www.frankfurt-energy.de\/en\/cases\/luebben\/\"><div class=\"overlay\"><\/div><img decoding=\"async\" class=\"img-bg\" src=\"https:\/\/www.frankfurt-energy.de\/wp-content\/uploads\/2023\/10\/Luebben-Dachanlage_4-scaled.jpg\" alt=\"Lu\u0308bben\"><\/a><div class=\"description\"><h5 class=\"title\">L\u00fcbben<\/h5><a class=\"with--line\" href=\"https:\/\/www.frankfurt-energy.de\/en\/cases\/luebben\/\">Details<\/a><\/div><\/div><\/div><\/div><\/div>\t\t<\/div>\n\t\t\t\t<\/div>\n\t\t\t\t\t<\/div>\n\t\t\t\t<\/div>\n\t\t\t\t\t\t\t<\/div>","protected":false},"excerpt":{"rendered":"<p>Unsere Referenzen Hier finden Sie einen Auszug unserer Referenzen Guben I Details Guben II Details Tangerm\u00fcnde Details Boxbrunn S\u00fcd Details L\u00fcbben Details Boxbrunn Nord Details Wolfsbuch Details Basepohl II Details Basepohl I Details<\/p>","protected":false},"author":1,"featured_media":0,"parent":5499,"menu_order":0,"comment_status":"closed","ping_status":"closed","template":"r-energy-elementor-page.php","meta":{"_acf_changed":false,"footnotes":""},"acf":[],"_links":{"self":[{"href":"https:\/\/www.frankfurt-energy.de\/en\/wp-json\/wp\/v2\/pages\/7610"}],"collection":[{"href":"https:\/\/www.frankfurt-energy.de\/en\/wp-json\/wp\/v2\/pages"}],"about":[{"href":"https:\/\/www.frankfurt-energy.de\/en\/wp-json\/wp\/v2\/types\/page"}],"author":[{"embeddable":true,"href":"https:\/\/www.frankfurt-energy.de\/en\/wp-json\/wp\/v2\/users\/1"}],"replies":[{"embeddable":true,"href":"https:\/\/www.frankfurt-energy.de\/en\/wp-json\/wp\/v2\/comments?post=7610"}],"version-history":[{"count":67,"href":"https:\/\/www.frankfurt-energy.de\/en\/wp-json\/wp\/v2\/pages\/7610\/revisions"}],"predecessor-version":[{"id":9852,"href":"https:\/\/www.frankfurt-energy.de\/en\/wp-json\/wp\/v2\/pages\/7610\/revisions\/9852"}],"up":[{"embeddable":true,"href":"https:\/\/www.frankfurt-energy.de\/en\/wp-json\/wp\/v2\/pages\/5499"}],"wp:attachment":[{"href":"https:\/\/www.frankfurt-energy.de\/en\/wp-json\/wp\/v2\/media?parent=7610"}],"curies":[{"name":"wp","href":"https:\/\/api.w.org\/{rel}","templated":true}]}}